{"id":804,"date":"2020-10-05T13:56:22","date_gmt":"2020-10-05T11:56:22","guid":{"rendered":"https:\/\/ristorantekowalski.it\/?post_type=product&#038;p=804"},"modified":"2020-11-18T18:35:27","modified_gmt":"2020-11-18T17:35:27","slug":"borsc","status":"publish","type":"product","link":"https:\/\/ristorantekowalski.it\/?product=borsc","title":{"rendered":"Bor\u0161\u010d"},"content":{"rendered":"<p>Una fra le pi\u00f9 iconiche zuppe dall\u2019est Europa. La proponiamo in versione vegana, con brodo di barbabietole e verdure<\/p>\n","protected":false},"excerpt":{"rendered":"<p>Una fra le pi\u00f9 iconiche zuppe dall\u2019est Europa. La proponiamo in versione vegana, con brodo di barbabietole e verdure<\/p>\n","protected":false},"featured_media":0,"template":"","meta":[],"product_cat":[30],"product_tag":[],"_links":{"self":[{"href":"https:\/\/ristorantekowalski.it\/index.php?rest_route=\/wp\/v2\/product\/804"}],"collection":[{"href":"https:\/\/ristorantekowalski.it\/index.php?rest_route=\/wp\/v2\/product"}],"about":[{"href":"https:\/\/ristorantekowalski.it\/index.php?rest_route=\/wp\/v2\/types\/product"}],"wp:attachment":[{"href":"https:\/\/ristorantekowalski.it\/index.php?rest_route=%2Fwp%2Fv2%2Fmedia&parent=804"}],"wp:term":[{"taxonomy":"product_cat","embeddable":true,"href":"https:\/\/ristorantekowalski.it\/index.php?rest_route=%2Fwp%2Fv2%2Fproduct_cat&post=804"},{"taxonomy":"product_tag","embeddable":true,"href":"https:\/\/ristorantekowalski.it\/index.php?rest_route=%2Fwp%2Fv2%2Fproduct_tag&post=804"}],"curies":[{"name":"wp","href":"https:\/\/api.w.org\/{rel}","templated":true}]}}