{"id":1336,"date":"2025-10-29T11:57:29","date_gmt":"2025-10-29T10:57:29","guid":{"rendered":"https:\/\/ristorantekowalski.it\/?page_id=1336"},"modified":"2025-11-05T10:18:54","modified_gmt":"2025-11-05T09:18:54","slug":"piacere-polonia","status":"publish","type":"page","link":"https:\/\/ristorantekowalski.it\/?page_id=1336","title":{"rendered":"Piacere Polonia"},"content":{"rendered":"\n<div class=\"wp-block-media-text alignwide is-stacked-on-mobile\"><figure class=\"wp-block-media-text__media\"><img decoding=\"async\" loading=\"lazy\" width=\"819\" height=\"1024\" src=\"https:\/\/ristorantekowalski.it\/wp-content\/uploads\/2025\/10\/piacere-polonia_post-save-the-date-819x1024.jpg\" alt=\"\" class=\"wp-image-1337 size-full\" srcset=\"https:\/\/ristorantekowalski.it\/wp-content\/uploads\/2025\/10\/piacere-polonia_post-save-the-date-819x1024.jpg 819w, https:\/\/ristorantekowalski.it\/wp-content\/uploads\/2025\/10\/piacere-polonia_post-save-the-date-240x300.jpg 240w, https:\/\/ristorantekowalski.it\/wp-content\/uploads\/2025\/10\/piacere-polonia_post-save-the-date-768x960.jpg 768w, https:\/\/ristorantekowalski.it\/wp-content\/uploads\/2025\/10\/piacere-polonia_post-save-the-date-1229x1536.jpg 1229w, https:\/\/ristorantekowalski.it\/wp-content\/uploads\/2025\/10\/piacere-polonia_post-save-the-date-1638x2048.jpg 1638w, https:\/\/ristorantekowalski.it\/wp-content\/uploads\/2025\/10\/piacere-polonia_post-save-the-date-350x438.jpg 350w, https:\/\/ristorantekowalski.it\/wp-content\/uploads\/2025\/10\/piacere-polonia_post-save-the-date-scaled.jpg 2048w\" sizes=\"(max-width: 767px) 89vw, (max-width: 1000px) 54vw, (max-width: 1071px) 543px, 580px\" \/><\/figure><div class=\"wp-block-media-text__content\">\n<p><\/p>\n<\/div><\/div>\n\n\n\n<p>\u201cPiacere Polonia\u201d \u00e8 un format pensato per coinvolgere diverse realt\u00e0 culturali, commerciali e di promozione&nbsp;sociale della Citt\u00e0 di Genova insieme votate alla scoperta di un paese, la Polonia, che molti legami ha storicamente con la nostra citt\u00e0.&nbsp;<\/p>\n\n\n\n<p>\u201cPiacere Polonia\u201d \u00e8 un format itinerante che unisce, coinvolgendo il territorio, la letteratura, la musica, il cinema, la gastronomia,&nbsp;l\u2019enologia e il folklore polacchi attraverso un percorso immerso nel Centro Storico genovese. Grazie alla collaborazione con&nbsp;la rete d\u2019impresa Contatto e con le associazioni con le quali gi\u00e0 da anni collabora, l\u2019Associazione di Promozione Sociale&nbsp;\u201cBratanki\u201d propone una mappa da consegnare al pubblico nella quale verranno evidenziate le molteplici attivit\u00e0 che si&nbsp;svolgeranno lungo i sei giorni della sua durata. Sar\u00e0 possibile infatti partecipare a diversi workshop, ascoltare un dj&nbsp;set di musica polacca contemporanea, sentire la lettura di una poesia di un premio Nobel, assaggiare un tipico dolce polacco&nbsp;in una nota pasticceria genovese o vedere un film della nuova generazione di registi polacchi. Tutti eventi che si svolgeranno&nbsp;nel cuore di Genova, citt\u00e0 che visti i recenti collegamenti aeroportuali \u00e8 ancora pi\u00f9 vicina a due importanti esempi di Polonia&nbsp;quali Varsavia e Cracovia.<\/p>\n\n\n\n<p>Obiettivo della manifestazione \u00e8 far conoscere e coinvolgere la cittadinanza rispetto a una cultura, quella polacca, che molti&nbsp;incroci ha avuto nella sua storia con l\u2019Italia in generale e con Genova in particolare. L&#8217;obiettivo verr\u00e0 raggiunto attraverso&nbsp;la partecipazione a&nbsp;Piacere Polonia di un gran numero di attivit\u00e0 sul territorio che da anni collaborano con Bratanki e con le altre realt\u00e0 che quotidianamente parlano di Polonia a Genova.<\/p>\n\n\n\n<p>Il risultato sar\u00e0 una conoscenza ancor pi\u00f9 approfondita delle usanze, dei sapori e della cultura polacca con l\u2019attesa&nbsp;voglia di poter il prima possibile imbarcarsi dall\u2019aeroporto Cristoforo Colombo per andare a conoscere sul campo le&nbsp;meraviglie della Polonia assaggiate qui a Genova.<\/p>\n\n\n\n<figure class=\"wp-block-image size-large\"><img decoding=\"async\" loading=\"lazy\" width=\"1024\" height=\"724\" src=\"https:\/\/ristorantekowalski.it\/wp-content\/uploads\/2025\/11\/MAPPA-per-sito-1-1024x724.jpg\" alt=\"\" class=\"wp-image-1345\" srcset=\"https:\/\/ristorantekowalski.it\/wp-content\/uploads\/2025\/11\/MAPPA-per-sito-1-1024x724.jpg 1024w, https:\/\/ristorantekowalski.it\/wp-content\/uploads\/2025\/11\/MAPPA-per-sito-1-300x212.jpg 300w, https:\/\/ristorantekowalski.it\/wp-content\/uploads\/2025\/11\/MAPPA-per-sito-1-768x543.jpg 768w, https:\/\/ristorantekowalski.it\/wp-content\/uploads\/2025\/11\/MAPPA-per-sito-1-1536x1086.jpg 1536w, https:\/\/ristorantekowalski.it\/wp-content\/uploads\/2025\/11\/MAPPA-per-sito-1-2048x1448.jpg 2048w, https:\/\/ristorantekowalski.it\/wp-content\/uploads\/2025\/11\/MAPPA-per-sito-1-350x247.jpg 350w\" sizes=\"(max-width: 767px) 89vw, (max-width: 1000px) 54vw, (max-width: 1071px) 543px, 580px\" \/><\/figure>\n\n\n\n<p><strong>SCARICA LA MAPPA E IL PROGRAMMA:<\/strong><\/p>\n\n\n\n<div class=\"wp-block-file\"><a id=\"wp-block-file--media-07e8d378-c64e-460e-8813-9b5be64750e7\" href=\"https:\/\/ristorantekowalski.it\/wp-content\/uploads\/2025\/11\/PIACERE-POLONIA-MAPPA-A3_stampa-scaled.jpg\">PIACERE-POLONIA-MAPPA-A3_stampa<\/a><a href=\"https:\/\/ristorantekowalski.it\/wp-content\/uploads\/2025\/11\/PIACERE-POLONIA-MAPPA-A3_stampa-scaled.jpg\" class=\"wp-block-file__button wp-element-button\" download aria-describedby=\"wp-block-file--media-07e8d378-c64e-460e-8813-9b5be64750e7\">Download<\/a><\/div>\n\n\n\n<p><strong>PROGRAMMA<\/strong><\/p>\n\n\n\n<p><strong>LUNED\u00cc 10 NOVEMBRE<\/strong><\/p>\n\n\n\n<ul>\n<li>NUOVO CINEMA POLONIA: Proiezione del film \u201c<em>La Nostra Terra (CH\u0141OPI)<\/em>\u201d \u2013 Dorota Kobiela, Hugh Welchman, 2024. Ore 20.00. Cinema Nickelodeon.<\/li>\n\n\n\n<li>WORKSHOP: \u201c<em>Come preparare i Pierogi perfetti<\/em>\u201d. Corso breve di cucina con Agnieszka Zar\u0119ba, chef del Kowalski. Presso il Ristorante Oosteria al Balcone. Per info e prenotazioni: 3450424398<\/li>\n\n\n\n<li>KRUPSON PRESENTA: I CAPOLAVORI DELLA POESIA POLACCA musicati da grandi cantautori.\u00a0 Versioni originali e in italiano. Concerto dal vivo. Presso la Libreria San Paolo di Piazza Matteotti. Ore 17.00\u00a0<\/li>\n<\/ul>\n\n\n\n<p><strong>MARTED\u00cc 11 NOVEMBRE<\/strong><\/p>\n\n\n\n<ul>\n<li>MIDNIGHT IN POLONIA: Sketch Night: disegno dal vero con l&#8217;associazione Pepita Ramone. Ristorante Kowalski. Ore 19.30<\/li>\n\n\n\n<li>CENA DELLA TRADIZIONE POLACCA. Cena regionale di Podr\u00f3\u017cna, paese natale della nostra chef Agnieszka. Un tuffo nella campagna polacca vera, quella che scalda i cuori. Con il prezioso supporto del Circolo delle donne di campagna \u201cPodr\u00f3\u017cnianki\u201d, in collaborazione con la municipalit\u00e0 di Krajenka e la sindaca di Podr\u00f3\u017cna. Per info e prenotazioni: 3450424398<\/li>\n\n\n\n<li>PRESENTAZIONE DEL LIBRO \u201cWIS\u0142AWA SZYMBORSKA&#8221; \u2013 Segni particolari. Una biografia intima\u201d di Joanna Gromek Illg. Presentazione in prima nazionale del libro dedicato alla vita del premio Nobel. Interverr\u00e0 la dott.ssa Karolina Kowalcze docente di lingua polacca all&#8217;Universit\u00e0 di Genova. Laura Rescio, traduttrice e Fabrizia Scortecci, guida turistica, entrambe poloniste, allieve di Pietro Marchesani, traduttore della premio Nobel polacca . Presso la Libreria San Paolo di Piazza Matteotti. Ore 17.45<\/li>\n<\/ul>\n\n\n\n<p><strong>MERCOLED\u00cc 12 NOVEMBRE<\/strong><\/p>\n\n\n\n<ul>\n<li>CENA \u201cDIPLOMAZIA CULINARIA: incontro gastronomico fra Genova e la Polonia\u201d. Per info e prenotazioni: 3450424398<\/li>\n<\/ul>\n\n\n\n<p><strong>GIOVED\u00cc 13 NOVEMBRE<\/strong><\/p>\n\n\n\n<ul>\n<li>EKPHRASIS E DIALOGO TRA LE ARTI: quando la poesia incontra la pittura. Incontro con la professoressa Maria Berkan Jablo\u0144ska dell\u2019Universit\u00e0 di \u0141\u03ccd\u017a. Presso gli spazi del DLCM Unige<\/li>\n\n\n\n<li>FUNKY POLISH \u2013 Dj set rigorosamente in vinile di musica funk polacca. A cura di Selecter Bokobrody. Con aperitivo a tema. Fela! Ingresso Libero<\/li>\n\n\n\n<li>GIOCHI DI SOCIETA\u2019 DALLA POLONIA: Una serata da passare in compagnia dedicata ad alcuni famosi giochi da tavola come Super farmer, This war of mine , K2 Rebel\u00a0 e tanti altri ancora. Cercheremo anche di battere il nostro record:\u00a0 Quanto tempo ci vuole per creare un sottomarino della seconda guerra mondiale composto da 1000 pezzi? Ti stupiremo! Ore 21.00\u00a0 Ristorante Kowalski.<\/li>\n<\/ul>\n\n\n\n<p><strong>VENERD\u00cc 14 NOVEMBRE<\/strong><\/p>\n\n\n\n<ul>\n<li>\u201cDOPO VODKA ESCE IL SOLE\u201d \u2013 Storytelling sul mondo della vodka polacca, con degustazioni e piccoli abbinamenti. Su prenotazione. A cura di Pierpaolo Cozzolino, bartender del Kowalski. Su prenotazione. Ore 19.30 presso il ristorante Kowalski.<\/li>\n<\/ul>\n\n\n\n<p><strong>SABATO 15 NOVEMBRE<\/strong><\/p>\n\n\n\n<ul>\n<li>\u201cALLA SCOPERTA DELLA POLONIA\u201d \u2013 Passeggiata guidata con degustazioni a tema nel cuore di Genova. A cura della guida Fabrizia Scortecci. Dalle ore 15.00 alle ore 17.00. Su prenotazione. Costo della visita guidata con degustazioni comprese: euro 10 (bambini euro 5). Per prenotazioni: 3450424398 Whatsapp: 3498091682<\/li>\n<\/ul>\n\n\n\n<ul>\n<li>\u201cLETTURE PER BAMBINI\u201d presso la biblioteca Kora di via via delle Vigne 9r alle 17:15,\u00a0 Favole della tradizione lette in polacco e in italiano a cura della Ludoteca polacca a Genova. Fascia d&#8217;et\u00e0 consigliata:3-6 anni. In pi\u00f9 sar\u00e0 presente un angolo di consultazione dedicato ai libri polacchi tradotti in italiano e in lingua originale.<\/li>\n<\/ul>\n\n\n\n<ul>\n<li>ESERCIZI DI LETTURA \u2013 In collaborazione con RadioUniGe e con le letture di Matteo Alfonso, un Open Mic dedicato a Wis\u0142awa Szymborska. Ore 17.00. Presso la chiesa di San Cosma e Damiano. Gratuito<\/li>\n<\/ul>\n\n\n\n<p><strong>DOMENICA 16 NOVEMBRE <\/strong><\/p>\n\n\n\n<p>GIORNATA DI CHIUSURA DELLA MANIFESTAZIONE E OMAGGIO A WIS\u0141AWA SZYMBORSKA. PRESSO IL RISTORANTE KOWALSKI<\/p>\n\n\n\n<ul>\n<li>ORE 11.30 \u2013 BRUNCH \u201cA TUTTA POLONIA\u201d<\/li>\n\n\n\n<li>WORKSHOP DI COLLAGE E DECOUPAGE a tema Wis\u0142awa Szymborska ore 16.00.<\/li>\n\n\n\n<li>PROIEZIONE DEL FILM \u201cLa vita a volte \u00e8 sopportabile\u201d. Un ritratto ironico di Wis\u0142awa Szymborska.<\/li>\n\n\n\n<li>\u201cFERRO, FUOCO, LEGNO E MEMORIA\u201d \u2013 un racconto cinematografico sui mestieri che stanno scomparendo.\u00a0Due brevi documentari girati a \u0141\u0119townia, il paese natale dello scialpinista Andrzej Bargiel. LABORATORIO SUI MESTIERI CHE SCOMPAIONO: un momento dedicato al consumo consapevole dei giochi fatti in legno. Useremo gli scarti del legno dei falegnami di Tatra, scambieremo i vecchi giochi, magari metteremo a posto qualche cornice&#8230; tutto questo in un&#8217;atmosfera di rispetto per la natura e i suoi doni, riscoprendo la bellezza delle cose semplici. Kowalski, ore. 16.00. Et\u00e0 consigliata: dai a 10 anni, il numero di partecipanti \u00e8 limitato,\u00a0 per prenotazioni: <a href=\"mailto:ludoteka.genua@gmail.com\">ludoteka.genua@gmail.com<\/a><\/li>\n\n\n\n<li>WORKSHOP PER BAMBINI: \u201cLa seconda vita di un&#8230; calzino\u201d incontro basato sulla serie di libri illustrati per bambini scritti da Justyna Bednarek, il cui titolo pi\u00f9 noto \u00e8 &#8220;L&#8217;incredibile avventura dei 10 calzini fuggiti&#8221;. Kowalski, ore 16.00. Et\u00e0 consigliata: 6-10 anni. Il numero di partecipanti \u00e8 limitato. Per info e prenotazioni <a href=\"mailto:ludoteka.genua@gmail.com\">ludoteka.genua@gmail.com<\/a><strong>.\u00a0<\/strong><\/li>\n\n\n\n<li>BATTAGLIA DI COLLAGE A TEMA POLONIA \u201c \u2013 ore 19.00, in collaborazione con l&#8217;associazione Arci Pepita Ramone<\/li>\n\n\n\n<li>BRINDISI, RINGRAZIAMENTI E SALUTI<\/li>\n<\/ul>\n","protected":false},"excerpt":{"rendered":"<p>\u201cPiacere Polonia\u201d \u00e8 un format pensato per coinvolgere diverse realt\u00e0 culturali, commerciali e di promozione&nbsp;sociale della Citt\u00e0 di Genova insieme votate alla scoperta di un paese, la Polonia, che molti legami ha storicamente con la nostra citt\u00e0.&nbsp; \u201cPiacere Polonia\u201d \u00e8 un format itinerante che unisce, coinvolgendo il territorio, la letteratura, la musica, il cinema, la &hellip; <\/p>\n<p class=\"link-more\"><a href=\"https:\/\/ristorantekowalski.it\/?page_id=1336\" class=\"more-link\">Leggi tutto<span class=\"screen-reader-text\"> &#8220;Piacere Polonia&#8221;<\/span><\/a><\/p>\n","protected":false},"author":4,"featured_media":1337,"parent":0,"menu_order":0,"comment_status":"closed","ping_status":"closed","template":"","meta":[],"_links":{"self":[{"href":"https:\/\/ristorantekowalski.it\/index.php?rest_route=\/wp\/v2\/pages\/1336"}],"collection":[{"href":"https:\/\/ristorantekowalski.it\/index.php?rest_route=\/wp\/v2\/pages"}],"about":[{"href":"https:\/\/ristorantekowalski.it\/index.php?rest_route=\/wp\/v2\/types\/page"}],"author":[{"embeddable":true,"href":"https:\/\/ristorantekowalski.it\/index.php?rest_route=\/wp\/v2\/users\/4"}],"replies":[{"embeddable":true,"href":"https:\/\/ristorantekowalski.it\/index.php?rest_route=%2Fwp%2Fv2%2Fcomments&post=1336"}],"version-history":[{"count":8,"href":"https:\/\/ristorantekowalski.it\/index.php?rest_route=\/wp\/v2\/pages\/1336\/revisions"}],"predecessor-version":[{"id":1355,"href":"https:\/\/ristorantekowalski.it\/index.php?rest_route=\/wp\/v2\/pages\/1336\/revisions\/1355"}],"wp:featuredmedia":[{"embeddable":true,"href":"https:\/\/ristorantekowalski.it\/index.php?rest_route=\/wp\/v2\/media\/1337"}],"wp:attachment":[{"href":"https:\/\/ristorantekowalski.it\/index.php?rest_route=%2Fwp%2Fv2%2Fmedia&parent=1336"}],"curies":[{"name":"wp","href":"https:\/\/api.w.org\/{rel}","templated":true}]}}